{"id":8329,"date":"2021-08-05T18:08:52","date_gmt":"2021-08-05T16:08:52","guid":{"rendered":"https:\/\/jirinabk.cz\/wordpress\/?post_type=product&#038;p=8329"},"modified":"2021-08-05T18:08:52","modified_gmt":"2021-08-05T16:08:52","slug":"hrnek-velky-450ml-3","status":"publish","type":"product","link":"https:\/\/jirinabk.cz\/wordpress\/produkt\/hrnek-velky-450ml-3\/","title":{"rendered":"Hrnek velk\u00fd 450ml"},"content":{"rendered":"<p>Origin\u00e1ln\u011b ru\u010dn\u011b\u00a0 s l\u00e1skou malovan\u00fd porcel\u00e1nov\u00fd hrnek, s jedine\u010dn\u00fdm vzorem, bez pou\u017eit\u00ed \u0161ablon.<\/p>\n<p>P\u0159edn\u00ed strana se vzorem, zadn\u00ed strana hrne\u010dku m\u00e1 drobn\u00fd vzor. Hrne\u010dek je zabalen\u00fd t\u00e9\u017e v origin\u00e1ln\u00edm d\u00e1rkov\u00e9 krabi\u010dce.<\/p>\n<p>Pou\u017eit\u00e9 barvy jsou od \u010desk\u00e9ho v\u00fdrobce a maj\u00ed atest na styk s potravinami. Hrne\u010dek lze m\u00fdt v my\u010dce nebo b\u011b\u017en\u011b s n\u00e1dob\u00edm, jen d\u00e1v\u00e1me pozor, abychom vzor nepo\u0161kr\u00e1bali ostr\u00fdmi p\u0159edm\u011bty. Nen\u00ed vhodn\u00e9 hrnek m\u00fdt abrezivn\u00edmi myc\u00edmi prost\u0159edky nebo dr\u00e1t\u011bnkou, mohlo by doj\u00edt k od\u0159en\u00ed barevn\u00e9ho vzoru.<\/p>\n<div id='gallery-1' class='gallery galleryid-8329 gallery-columns-3 gallery-size-thumbnail'><figure class='gallery-item'>\n\t\t\t<div class='gallery-icon portrait'>\n\t\t\t\t<a href='https:\/\/jirinabk.cz\/wordpress\/?attachment_id=8234'><img loading=\"lazy\" decoding=\"async\" width=\"150\" height=\"150\" src=\"https:\/\/jirinabk.cz\/wordpress\/wp-content\/uploads\/2021\/08\/20210712_123310-150x150.jpg\" class=\"attachment-thumbnail size-thumbnail\" alt=\"\" srcset=\"https:\/\/jirinabk.cz\/wordpress\/wp-content\/uploads\/2021\/08\/20210712_123310-150x150.jpg 150w, https:\/\/jirinabk.cz\/wordpress\/wp-content\/uploads\/2021\/08\/20210712_123310-100x100.jpg 100w\" sizes=\"auto, (max-width: 150px) 100vw, 150px\" \/><\/a>\n\t\t\t<\/div><\/figure><figure class='gallery-item'>\n\t\t\t<div class='gallery-icon portrait'>\n\t\t\t\t<a href='https:\/\/jirinabk.cz\/wordpress\/?attachment_id=8235'><img loading=\"lazy\" decoding=\"async\" width=\"150\" height=\"150\" src=\"https:\/\/jirinabk.cz\/wordpress\/wp-content\/uploads\/2021\/08\/20210712_123314-150x150.jpg\" class=\"attachment-thumbnail size-thumbnail\" alt=\"\" srcset=\"https:\/\/jirinabk.cz\/wordpress\/wp-content\/uploads\/2021\/08\/20210712_123314-150x150.jpg 150w, https:\/\/jirinabk.cz\/wordpress\/wp-content\/uploads\/2021\/08\/20210712_123314-100x100.jpg 100w\" sizes=\"auto, (max-width: 150px) 100vw, 150px\" \/><\/a>\n\t\t\t<\/div><\/figure><figure class='gallery-item'>\n\t\t\t<div class='gallery-icon portrait'>\n\t\t\t\t<a href='https:\/\/jirinabk.cz\/wordpress\/?attachment_id=8264'><img loading=\"lazy\" decoding=\"async\" width=\"150\" height=\"150\" src=\"https:\/\/jirinabk.cz\/wordpress\/wp-content\/uploads\/2021\/08\/20210726_162432-150x150.jpg\" class=\"attachment-thumbnail size-thumbnail\" alt=\"\" srcset=\"https:\/\/jirinabk.cz\/wordpress\/wp-content\/uploads\/2021\/08\/20210726_162432-150x150.jpg 150w, https:\/\/jirinabk.cz\/wordpress\/wp-content\/uploads\/2021\/08\/20210726_162432-100x100.jpg 100w\" sizes=\"auto, (max-width: 150px) 100vw, 150px\" \/><\/a>\n\t\t\t<\/div><\/figure>\n\t\t<\/div>\n\n","protected":false},"excerpt":{"rendered":"<p>Origin\u00e1ln\u011b ru\u010dn\u011b\u00a0 s l\u00e1skou malovan\u00fd porcel\u00e1nov\u00fd hrnek, s jedine\u010dn\u00fdm vzorem, bez pou\u017eit\u00ed \u0161ablon. P\u0159edn\u00ed strana se vzorem, zadn\u00ed strana hrne\u010dku m\u00e1 drobn\u00fd vzor. Hrne\u010dek je zabalen\u00fd t\u00e9\u017e v origin\u00e1ln\u00edm d\u00e1rkov\u00e9 krabi\u010dce. Pou\u017eit\u00e9 barvy jsou od \u010desk\u00e9ho v\u00fdrobce a maj\u00ed atest na styk s potravinami. Hrne\u010dek lze m\u00fdt v my\u010dce nebo<span class=\"more-link\"><a href=\"https:\/\/jirinabk.cz\/wordpress\/produkt\/hrnek-velky-450ml-3\/\">Continue Reading<\/a><\/span><\/p>\n","protected":false},"featured_media":8234,"comment_status":"closed","ping_status":"closed","template":"","meta":[],"product_brand":[],"product_cat":[46],"product_tag":[],"class_list":{"0":"entry","1":"author-jbk","2":"post-8329","3":"product","4":"type-product","5":"status-publish","6":"has-post-thumbnail","7":"product_cat-hrnek","9":"first","10":"instock","11":"sold-individually","12":"shipping-taxable","13":"purchasable","14":"product-type-simple"},"_links":{"self":[{"href":"https:\/\/jirinabk.cz\/wordpress\/wp-json\/wp\/v2\/product\/8329","targetHints":{"allow":["GET"]}}],"collection":[{"href":"https:\/\/jirinabk.cz\/wordpress\/wp-json\/wp\/v2\/product"}],"about":[{"href":"https:\/\/jirinabk.cz\/wordpress\/wp-json\/wp\/v2\/types\/product"}],"replies":[{"embeddable":true,"href":"https:\/\/jirinabk.cz\/wordpress\/wp-json\/wp\/v2\/comments?post=8329"}],"wp:featuredmedia":[{"embeddable":true,"href":"https:\/\/jirinabk.cz\/wordpress\/wp-json\/wp\/v2\/media\/8234"}],"wp:attachment":[{"href":"https:\/\/jirinabk.cz\/wordpress\/wp-json\/wp\/v2\/media?parent=8329"}],"wp:term":[{"taxonomy":"product_brand","embeddable":true,"href":"https:\/\/jirinabk.cz\/wordpress\/wp-json\/wp\/v2\/product_brand?post=8329"},{"taxonomy":"product_cat","embeddable":true,"href":"https:\/\/jirinabk.cz\/wordpress\/wp-json\/wp\/v2\/product_cat?post=8329"},{"taxonomy":"product_tag","embeddable":true,"href":"https:\/\/jirinabk.cz\/wordpress\/wp-json\/wp\/v2\/product_tag?post=8329"}],"curies":[{"name":"wp","href":"https:\/\/api.w.org\/{rel}","templated":true}]}}