{"id":8855,"date":"2022-10-10T07:59:08","date_gmt":"2022-10-10T05:59:08","guid":{"rendered":"https:\/\/jirinabk.cz\/wordpress\/?post_type=product&#038;p=8855"},"modified":"2023-02-05T14:43:20","modified_gmt":"2023-02-05T13:43:20","slug":"hrnek-velky-450ml-podzimni-nebe","status":"publish","type":"product","link":"https:\/\/jirinabk.cz\/wordpress\/produkt\/hrnek-velky-450ml-podzimni-nebe\/","title":{"rendered":"Hrnek velk\u00fd 450ml Podzimn\u00ed nebe"},"content":{"rendered":"<p>Origin\u00e1ln\u011b ru\u010dn\u011b s l\u00e1skou malovan\u00fd porcel\u00e1nov\u00fd hrnek, s jedine\u010dn\u00fdm vzorem.<\/p>\n<p>Pou\u017eit\u00e9 barvy jsou od \u010desk\u00e9ho v\u00fdrobce a maj\u00ed atest na styk s potravinami. Hrne\u010dek lze m\u00fdt v my\u010dce nebo b\u011b\u017en\u011b s n\u00e1dob\u00edm, jen d\u00e1v\u00e1me pozor, abychom vzor nepo\u0161kr\u00e1bali ostr\u00fdmi p\u0159edm\u011bty. Nen\u00ed vhodn\u00e9 hrnek m\u00fdt abrezivn\u00edmi myc\u00edmi prost\u0159edky nebo dr\u00e1t\u011bnkou, mohlo by doj\u00edt k od\u0159en\u00ed barevn\u00e9ho vzoru.<\/p>\n<div id='gallery-1' class='gallery galleryid-8855 gallery-columns-3 gallery-size-thumbnail'><figure class='gallery-item'>\n\t\t\t<div class='gallery-icon portrait'>\n\t\t\t\t<a href='https:\/\/jirinabk.cz\/wordpress\/?attachment_id=8826'><img loading=\"lazy\" decoding=\"async\" width=\"150\" height=\"150\" src=\"https:\/\/jirinabk.cz\/wordpress\/wp-content\/uploads\/2022\/10\/20221003_165914-scaled-e1665430293761-150x150.jpg\" class=\"attachment-thumbnail size-thumbnail\" alt=\"\" srcset=\"https:\/\/jirinabk.cz\/wordpress\/wp-content\/uploads\/2022\/10\/20221003_165914-scaled-e1665430293761-150x150.jpg 150w, https:\/\/jirinabk.cz\/wordpress\/wp-content\/uploads\/2022\/10\/20221003_165914-scaled-e1665430293761-100x100.jpg 100w\" sizes=\"auto, (max-width: 150px) 100vw, 150px\" \/><\/a>\n\t\t\t<\/div><\/figure><figure class='gallery-item'>\n\t\t\t<div class='gallery-icon portrait'>\n\t\t\t\t<a href='https:\/\/jirinabk.cz\/wordpress\/?attachment_id=8827'><img loading=\"lazy\" decoding=\"async\" width=\"150\" height=\"150\" src=\"https:\/\/jirinabk.cz\/wordpress\/wp-content\/uploads\/2022\/10\/20221003_165917-scaled-e1665430310236-150x150.jpg\" class=\"attachment-thumbnail size-thumbnail\" alt=\"\" srcset=\"https:\/\/jirinabk.cz\/wordpress\/wp-content\/uploads\/2022\/10\/20221003_165917-scaled-e1665430310236-150x150.jpg 150w, https:\/\/jirinabk.cz\/wordpress\/wp-content\/uploads\/2022\/10\/20221003_165917-scaled-e1665430310236-100x100.jpg 100w\" sizes=\"auto, (max-width: 150px) 100vw, 150px\" \/><\/a>\n\t\t\t<\/div><\/figure><figure class='gallery-item'>\n\t\t\t<div class='gallery-icon portrait'>\n\t\t\t\t<a href='https:\/\/jirinabk.cz\/wordpress\/?attachment_id=8828'><img loading=\"lazy\" decoding=\"async\" width=\"150\" height=\"150\" src=\"https:\/\/jirinabk.cz\/wordpress\/wp-content\/uploads\/2022\/10\/20221003_165919-scaled-e1665430328942-150x150.jpg\" class=\"attachment-thumbnail size-thumbnail\" alt=\"\" srcset=\"https:\/\/jirinabk.cz\/wordpress\/wp-content\/uploads\/2022\/10\/20221003_165919-scaled-e1665430328942-150x150.jpg 150w, https:\/\/jirinabk.cz\/wordpress\/wp-content\/uploads\/2022\/10\/20221003_165919-scaled-e1665430328942-100x100.jpg 100w\" sizes=\"auto, (max-width: 150px) 100vw, 150px\" \/><\/a>\n\t\t\t<\/div><\/figure><figure class='gallery-item'>\n\t\t\t<div class='gallery-icon portrait'>\n\t\t\t\t<a href='https:\/\/jirinabk.cz\/wordpress\/?attachment_id=8829'><img loading=\"lazy\" decoding=\"async\" width=\"150\" height=\"150\" src=\"https:\/\/jirinabk.cz\/wordpress\/wp-content\/uploads\/2022\/10\/20221003_165921-scaled-e1665430349754-150x150.jpg\" class=\"attachment-thumbnail size-thumbnail\" alt=\"\" srcset=\"https:\/\/jirinabk.cz\/wordpress\/wp-content\/uploads\/2022\/10\/20221003_165921-scaled-e1665430349754-150x150.jpg 150w, https:\/\/jirinabk.cz\/wordpress\/wp-content\/uploads\/2022\/10\/20221003_165921-scaled-e1665430349754-100x100.jpg 100w\" sizes=\"auto, (max-width: 150px) 100vw, 150px\" \/><\/a>\n\t\t\t<\/div><\/figure><figure class='gallery-item'>\n\t\t\t<div class='gallery-icon portrait'>\n\t\t\t\t<a href='https:\/\/jirinabk.cz\/wordpress\/?attachment_id=8830'><img loading=\"lazy\" decoding=\"async\" width=\"150\" height=\"150\" src=\"https:\/\/jirinabk.cz\/wordpress\/wp-content\/uploads\/2022\/10\/20221003_165924-scaled-e1665430364196-150x150.jpg\" class=\"attachment-thumbnail size-thumbnail\" alt=\"\" srcset=\"https:\/\/jirinabk.cz\/wordpress\/wp-content\/uploads\/2022\/10\/20221003_165924-scaled-e1665430364196-150x150.jpg 150w, https:\/\/jirinabk.cz\/wordpress\/wp-content\/uploads\/2022\/10\/20221003_165924-scaled-e1665430364196-100x100.jpg 100w\" sizes=\"auto, (max-width: 150px) 100vw, 150px\" \/><\/a>\n\t\t\t<\/div><\/figure><figure class='gallery-item'>\n\t\t\t<div class='gallery-icon portrait'>\n\t\t\t\t<a href='https:\/\/jirinabk.cz\/wordpress\/?attachment_id=8831'><img loading=\"lazy\" decoding=\"async\" width=\"150\" height=\"150\" src=\"https:\/\/jirinabk.cz\/wordpress\/wp-content\/uploads\/2022\/10\/20221003_165927-scaled-e1665430379329-150x150.jpg\" class=\"attachment-thumbnail size-thumbnail\" alt=\"\" srcset=\"https:\/\/jirinabk.cz\/wordpress\/wp-content\/uploads\/2022\/10\/20221003_165927-scaled-e1665430379329-150x150.jpg 150w, https:\/\/jirinabk.cz\/wordpress\/wp-content\/uploads\/2022\/10\/20221003_165927-scaled-e1665430379329-100x100.jpg 100w\" sizes=\"auto, (max-width: 150px) 100vw, 150px\" \/><\/a>\n\t\t\t<\/div><\/figure><figure class='gallery-item'>\n\t\t\t<div class='gallery-icon portrait'>\n\t\t\t\t<a href='https:\/\/jirinabk.cz\/wordpress\/?attachment_id=8832'><img loading=\"lazy\" decoding=\"async\" width=\"150\" height=\"150\" src=\"https:\/\/jirinabk.cz\/wordpress\/wp-content\/uploads\/2022\/10\/20221003_165931-scaled-e1665430393583-150x150.jpg\" class=\"attachment-thumbnail size-thumbnail\" alt=\"\" srcset=\"https:\/\/jirinabk.cz\/wordpress\/wp-content\/uploads\/2022\/10\/20221003_165931-scaled-e1665430393583-150x150.jpg 150w, https:\/\/jirinabk.cz\/wordpress\/wp-content\/uploads\/2022\/10\/20221003_165931-scaled-e1665430393583-100x100.jpg 100w\" sizes=\"auto, (max-width: 150px) 100vw, 150px\" \/><\/a>\n\t\t\t<\/div><\/figure>\n\t\t<\/div>\n\n","protected":false},"excerpt":{"rendered":"<p>Origin\u00e1ln\u011b ru\u010dn\u011b s l\u00e1skou malovan\u00fd porcel\u00e1nov\u00fd hrnek, s jedine\u010dn\u00fdm vzorem. Pou\u017eit\u00e9 barvy jsou od \u010desk\u00e9ho v\u00fdrobce a maj\u00ed atest na styk s potravinami. Hrne\u010dek lze m\u00fdt v my\u010dce nebo b\u011b\u017en\u011b s n\u00e1dob\u00edm, jen d\u00e1v\u00e1me pozor, abychom vzor nepo\u0161kr\u00e1bali ostr\u00fdmi p\u0159edm\u011bty. Nen\u00ed vhodn\u00e9 hrnek m\u00fdt abrezivn\u00edmi myc\u00edmi prost\u0159edky nebo dr\u00e1t\u011bnkou, mohlo<span class=\"more-link\"><a href=\"https:\/\/jirinabk.cz\/wordpress\/produkt\/hrnek-velky-450ml-podzimni-nebe\/\">Continue Reading<\/a><\/span><\/p>\n","protected":false},"featured_media":8827,"comment_status":"closed","ping_status":"closed","template":"","meta":[],"product_brand":[],"product_cat":[46],"product_tag":[],"class_list":{"0":"entry","1":"author-jbk","2":"post-8855","3":"product","4":"type-product","5":"status-publish","6":"has-post-thumbnail","7":"product_cat-hrnek","9":"first","10":"outofstock","11":"shipping-taxable","12":"purchasable","13":"product-type-simple"},"_links":{"self":[{"href":"https:\/\/jirinabk.cz\/wordpress\/wp-json\/wp\/v2\/product\/8855","targetHints":{"allow":["GET"]}}],"collection":[{"href":"https:\/\/jirinabk.cz\/wordpress\/wp-json\/wp\/v2\/product"}],"about":[{"href":"https:\/\/jirinabk.cz\/wordpress\/wp-json\/wp\/v2\/types\/product"}],"replies":[{"embeddable":true,"href":"https:\/\/jirinabk.cz\/wordpress\/wp-json\/wp\/v2\/comments?post=8855"}],"wp:featuredmedia":[{"embeddable":true,"href":"https:\/\/jirinabk.cz\/wordpress\/wp-json\/wp\/v2\/media\/8827"}],"wp:attachment":[{"href":"https:\/\/jirinabk.cz\/wordpress\/wp-json\/wp\/v2\/media?parent=8855"}],"wp:term":[{"taxonomy":"product_brand","embeddable":true,"href":"https:\/\/jirinabk.cz\/wordpress\/wp-json\/wp\/v2\/product_brand?post=8855"},{"taxonomy":"product_cat","embeddable":true,"href":"https:\/\/jirinabk.cz\/wordpress\/wp-json\/wp\/v2\/product_cat?post=8855"},{"taxonomy":"product_tag","embeddable":true,"href":"https:\/\/jirinabk.cz\/wordpress\/wp-json\/wp\/v2\/product_tag?post=8855"}],"curies":[{"name":"wp","href":"https:\/\/api.w.org\/{rel}","templated":true}]}}